{"id":2799,"date":"2024-06-03T07:50:32","date_gmt":"2024-06-03T10:50:32","guid":{"rendered":"https:\/\/wedigitek.com\/novosite\/?page_id=2799"},"modified":"2024-07-01T18:06:21","modified_gmt":"2024-07-01T21:06:21","slug":"segmento-energia","status":"publish","type":"page","link":"https:\/\/wedigitek.com\/es\/segmento-energia\/","title":{"rendered":"Segmento Energ\u00eda"},"content":{"rendered":"\r\n<h1 class=\"wp-block-heading\">Soluciones We:Digitek<\/h1>\r\n\r\n\r\n\r\n<h2 class=\"wp-block-heading\">PARA <strong>LOCALES REMOTOS Y ENERG\u00cdA<\/strong><\/h2>\r\n\r\n\r\n\r\n\r\nEmpresas relacionadas con la extracci\u00f3n de recursos energ\u00e9ticos, como mineras y unidades de extracci\u00f3n de petr\u00f3leo (tanto en el escenario on-shore como off-shore).\r\n\r\n\r\n\r\n\r\n\r\nEl mayor desaf\u00edo aqu\u00ed es la log\u00edstica: debido a que se trata de lugares de dif\u00edcil acceso, es importante considerar cuestiones que van desde un mayor tiempo para el reabastecimiento hasta la se\u00f1al poco efectiva de los celulares para el uso por parte de los colaboradores.","protected":false},"excerpt":{"rendered":"<p>Soluciones We:Digitek PARA LOCALES REMOTOS Y ENERG\u00cdA Empresas relacionadas con la extracci\u00f3n de recursos energ\u00e9ticos, como mineras y unidades de extracci\u00f3n de petr\u00f3leo (tanto en el escenario on-shore como off-shore). El mayor desaf\u00edo aqu\u00ed es la log\u00edstica: debido a que se trata de lugares de dif\u00edcil acceso, es importante considerar cuestiones que van desde un&#8230;  <a class=\"excerpt-read-more\" href=\"https:\/\/wedigitek.com\/es\/segmento-energia\/\" title=\"Read Segmento Energ\u00eda\">continuar lendo &raquo;<\/a><\/p>\n","protected":false},"author":1,"featured_media":0,"parent":0,"menu_order":0,"comment_status":"closed","ping_status":"closed","template":"page-segment-overview.php","meta":{"_acf_changed":false,"_monsterinsights_skip_tracking":false,"_monsterinsights_sitenote_active":false,"_monsterinsights_sitenote_note":"","_monsterinsights_sitenote_category":0,"footnotes":""},"class_list":["post-2799","page","type-page","status-publish","hentry"],"acf":[],"yoast_head":"<!-- This site is optimized with the Yoast SEO plugin v26.6 - https:\/\/yoast.com\/wordpress\/plugins\/seo\/ -->\n<title>Segmento Energ\u00eda - We:Digitek<\/title>\n<meta name=\"robots\" content=\"index, follow, max-snippet:-1, max-image-preview:large, max-video-preview:-1\" \/>\n<link rel=\"canonical\" href=\"https:\/\/wedigitek.com\/es\/segmento-energia\/\" \/>\n<meta property=\"og:locale\" content=\"es_ES\" \/>\n<meta property=\"og:type\" content=\"article\" \/>\n<meta property=\"og:title\" content=\"Segmento Energ\u00eda - We:Digitek\" \/>\n<meta property=\"og:description\" content=\"Soluciones We:Digitek PARA LOCALES REMOTOS Y ENERG\u00cdA Empresas relacionadas con la extracci\u00f3n de recursos energ\u00e9ticos, como mineras y unidades de extracci\u00f3n de petr\u00f3leo (tanto en el escenario on-shore como off-shore). El mayor desaf\u00edo aqu\u00ed es la log\u00edstica: debido a que se trata de lugares de dif\u00edcil acceso, es importante considerar cuestiones que van desde un... continuar lendo &raquo;\" \/>\n<meta property=\"og:url\" content=\"https:\/\/wedigitek.com\/es\/segmento-energia\/\" \/>\n<meta property=\"og:site_name\" content=\"We:Digitek\" \/>\n<meta property=\"article:publisher\" content=\"https:\/\/www.facebook.com\/wedigitek\" \/>\n<meta property=\"article:modified_time\" content=\"2024-07-01T21:06:21+00:00\" \/>\n<meta name=\"twitter:card\" content=\"summary_large_image\" \/>\n<script type=\"application\/ld+json\" class=\"yoast-schema-graph\">{\"@context\":\"https:\/\/schema.org\",\"@graph\":[{\"@type\":\"WebPage\",\"@id\":\"https:\/\/wedigitek.com\/es\/segmento-energia\/\",\"url\":\"https:\/\/wedigitek.com\/es\/segmento-energia\/\",\"name\":\"Segmento Energ\u00eda - We:Digitek\",\"isPartOf\":{\"@id\":\"https:\/\/wedigitek.com\/es\/#website\"},\"datePublished\":\"2024-06-03T10:50:32+00:00\",\"dateModified\":\"2024-07-01T21:06:21+00:00\",\"breadcrumb\":{\"@id\":\"https:\/\/wedigitek.com\/es\/segmento-energia\/#breadcrumb\"},\"inLanguage\":\"es\",\"potentialAction\":[{\"@type\":\"ReadAction\",\"target\":[\"https:\/\/wedigitek.com\/es\/segmento-energia\/\"]}]},{\"@type\":\"BreadcrumbList\",\"@id\":\"https:\/\/wedigitek.com\/es\/segmento-energia\/#breadcrumb\",\"itemListElement\":[{\"@type\":\"ListItem\",\"position\":1,\"name\":\"In\u00edcio\",\"item\":\"https:\/\/wedigitek.com\/es\/\"},{\"@type\":\"ListItem\",\"position\":2,\"name\":\"Segmento Energ\u00eda\"}]},{\"@type\":\"WebSite\",\"@id\":\"https:\/\/wedigitek.com\/es\/#website\",\"url\":\"https:\/\/wedigitek.com\/es\/\",\"name\":\"We:Digitek\",\"description\":\"Home\",\"publisher\":{\"@id\":\"https:\/\/wedigitek.com\/es\/#organization\"},\"potentialAction\":[{\"@type\":\"SearchAction\",\"target\":{\"@type\":\"EntryPoint\",\"urlTemplate\":\"https:\/\/wedigitek.com\/es\/?s={search_term_string}\"},\"query-input\":{\"@type\":\"PropertyValueSpecification\",\"valueRequired\":true,\"valueName\":\"search_term_string\"}}],\"inLanguage\":\"es\"},{\"@type\":\"Organization\",\"@id\":\"https:\/\/wedigitek.com\/es\/#organization\",\"name\":\"We:Digitek\",\"url\":\"https:\/\/wedigitek.com\/es\/\",\"logo\":{\"@type\":\"ImageObject\",\"inLanguage\":\"es\",\"@id\":\"https:\/\/wedigitek.com\/es\/#\/schema\/logo\/image\/\",\"url\":\"https:\/\/wedigitek.com\/wp-content\/uploads\/2024\/05\/logo-wedigitek-1297x245-2.png\",\"contentUrl\":\"https:\/\/wedigitek.com\/wp-content\/uploads\/2024\/05\/logo-wedigitek-1297x245-2.png\",\"width\":1297,\"height\":245,\"caption\":\"We:Digitek\"},\"image\":{\"@id\":\"https:\/\/wedigitek.com\/es\/#\/schema\/logo\/image\/\"},\"sameAs\":[\"https:\/\/www.facebook.com\/wedigitek\",\"https:\/\/www.instagram.com\/wedigitek\",\"https:\/\/linkedin.com\/company\/wedigitek\/\"]}]}<\/script>\n<!-- \/ Yoast SEO plugin. -->","yoast_head_json":{"title":"Segmento Energ\u00eda - We:Digitek","robots":{"index":"index","follow":"follow","max-snippet":"max-snippet:-1","max-image-preview":"max-image-preview:large","max-video-preview":"max-video-preview:-1"},"canonical":"https:\/\/wedigitek.com\/es\/segmento-energia\/","og_locale":"es_ES","og_type":"article","og_title":"Segmento Energ\u00eda - We:Digitek","og_description":"Soluciones We:Digitek PARA LOCALES REMOTOS Y ENERG\u00cdA Empresas relacionadas con la extracci\u00f3n de recursos energ\u00e9ticos, como mineras y unidades de extracci\u00f3n de petr\u00f3leo (tanto en el escenario on-shore como off-shore). El mayor desaf\u00edo aqu\u00ed es la log\u00edstica: debido a que se trata de lugares de dif\u00edcil acceso, es importante considerar cuestiones que van desde un... continuar lendo &raquo;","og_url":"https:\/\/wedigitek.com\/es\/segmento-energia\/","og_site_name":"We:Digitek","article_publisher":"https:\/\/www.facebook.com\/wedigitek","article_modified_time":"2024-07-01T21:06:21+00:00","twitter_card":"summary_large_image","schema":{"@context":"https:\/\/schema.org","@graph":[{"@type":"WebPage","@id":"https:\/\/wedigitek.com\/es\/segmento-energia\/","url":"https:\/\/wedigitek.com\/es\/segmento-energia\/","name":"Segmento Energ\u00eda - We:Digitek","isPartOf":{"@id":"https:\/\/wedigitek.com\/es\/#website"},"datePublished":"2024-06-03T10:50:32+00:00","dateModified":"2024-07-01T21:06:21+00:00","breadcrumb":{"@id":"https:\/\/wedigitek.com\/es\/segmento-energia\/#breadcrumb"},"inLanguage":"es","potentialAction":[{"@type":"ReadAction","target":["https:\/\/wedigitek.com\/es\/segmento-energia\/"]}]},{"@type":"BreadcrumbList","@id":"https:\/\/wedigitek.com\/es\/segmento-energia\/#breadcrumb","itemListElement":[{"@type":"ListItem","position":1,"name":"In\u00edcio","item":"https:\/\/wedigitek.com\/es\/"},{"@type":"ListItem","position":2,"name":"Segmento Energ\u00eda"}]},{"@type":"WebSite","@id":"https:\/\/wedigitek.com\/es\/#website","url":"https:\/\/wedigitek.com\/es\/","name":"We:Digitek","description":"Home","publisher":{"@id":"https:\/\/wedigitek.com\/es\/#organization"},"potentialAction":[{"@type":"SearchAction","target":{"@type":"EntryPoint","urlTemplate":"https:\/\/wedigitek.com\/es\/?s={search_term_string}"},"query-input":{"@type":"PropertyValueSpecification","valueRequired":true,"valueName":"search_term_string"}}],"inLanguage":"es"},{"@type":"Organization","@id":"https:\/\/wedigitek.com\/es\/#organization","name":"We:Digitek","url":"https:\/\/wedigitek.com\/es\/","logo":{"@type":"ImageObject","inLanguage":"es","@id":"https:\/\/wedigitek.com\/es\/#\/schema\/logo\/image\/","url":"https:\/\/wedigitek.com\/wp-content\/uploads\/2024\/05\/logo-wedigitek-1297x245-2.png","contentUrl":"https:\/\/wedigitek.com\/wp-content\/uploads\/2024\/05\/logo-wedigitek-1297x245-2.png","width":1297,"height":245,"caption":"We:Digitek"},"image":{"@id":"https:\/\/wedigitek.com\/es\/#\/schema\/logo\/image\/"},"sameAs":["https:\/\/www.facebook.com\/wedigitek","https:\/\/www.instagram.com\/wedigitek","https:\/\/linkedin.com\/company\/wedigitek\/"]}]}},"_links":{"self":[{"href":"https:\/\/wedigitek.com\/es\/wp-json\/wp\/v2\/pages\/2799","targetHints":{"allow":["GET"]}}],"collection":[{"href":"https:\/\/wedigitek.com\/es\/wp-json\/wp\/v2\/pages"}],"about":[{"href":"https:\/\/wedigitek.com\/es\/wp-json\/wp\/v2\/types\/page"}],"author":[{"embeddable":true,"href":"https:\/\/wedigitek.com\/es\/wp-json\/wp\/v2\/users\/1"}],"replies":[{"embeddable":true,"href":"https:\/\/wedigitek.com\/es\/wp-json\/wp\/v2\/comments?post=2799"}],"version-history":[{"count":2,"href":"https:\/\/wedigitek.com\/es\/wp-json\/wp\/v2\/pages\/2799\/revisions"}],"predecessor-version":[{"id":2801,"href":"https:\/\/wedigitek.com\/es\/wp-json\/wp\/v2\/pages\/2799\/revisions\/2801"}],"wp:attachment":[{"href":"https:\/\/wedigitek.com\/es\/wp-json\/wp\/v2\/media?parent=2799"}],"curies":[{"name":"wp","href":"https:\/\/api.w.org\/{rel}","templated":true}]}}