{"id":5020,"date":"2024-04-08T13:12:33","date_gmt":"2024-04-08T12:12:33","guid":{"rendered":"https:\/\/wedigitek.com\/novosite\/?page_id=5020"},"modified":"2025-07-07T23:28:57","modified_gmt":"2025-07-07T22:28:57","slug":"home","status":"publish","type":"page","link":"https:\/\/wedigitek.com\/es\/","title":{"rendered":"Home"},"content":{"rendered":"<h2>L\u00edder en tecnolog\u00eda para<\/h2>\n<h2>el mercado de comidas colectivas<\/h2>\n<h4>Para una mejor experiencia, elija su segmento<\/h4>\n","protected":false},"excerpt":{"rendered":"<p>We:Digitek es referencia y l\u00edder en tecnolog\u00eda para el mercado de comidas colectivas.<br \/>\nOfrecemos un amplio n\u00famero de soluciones para los segmentos Corporativo, Educaci\u00f3n, Salud y Energ\u00eda.<br \/>\nPara m\u00e1s informaci\u00f3n, no dude en contactarnos y solicitar un <a href=\"\/es\/#contact\">presupuesto<\/a> personalizado.<\/p>\n","protected":false},"author":1,"featured_media":0,"parent":0,"menu_order":0,"comment_status":"closed","ping_status":"closed","template":"page-home.php","meta":{"_acf_changed":false,"_monsterinsights_skip_tracking":false,"_monsterinsights_sitenote_active":false,"_monsterinsights_sitenote_note":"","_monsterinsights_sitenote_category":0,"footnotes":""},"class_list":["post-5020","page","type-page","status-publish","hentry"],"acf":[],"yoast_head":"<!-- This site is optimized with the Yoast SEO plugin v26.6 - https:\/\/yoast.com\/wordpress\/plugins\/seo\/ -->\n<title>Home - We:Digitek<\/title>\n<meta name=\"robots\" content=\"index, follow, max-snippet:-1, max-image-preview:large, max-video-preview:-1\" \/>\n<link rel=\"canonical\" href=\"https:\/\/wedigitek.com\/es\/\" \/>\n<meta property=\"og:locale\" content=\"es_ES\" \/>\n<meta property=\"og:type\" content=\"article\" \/>\n<meta property=\"og:title\" content=\"Home - We:Digitek\" \/>\n<meta property=\"og:description\" content=\"We:Digitek es referencia y l\u00edder en tecnolog\u00eda para el mercado de comidas colectivas. Ofrecemos un amplio n\u00famero de soluciones para los segmentos Corporativo, Educaci\u00f3n, Salud y Energ\u00eda. Para m\u00e1s informaci\u00f3n, no dude en contactarnos y solicitar un presupuesto personalizado.\" \/>\n<meta property=\"og:url\" content=\"https:\/\/wedigitek.com\/es\/\" \/>\n<meta property=\"og:site_name\" content=\"We:Digitek\" \/>\n<meta property=\"article:publisher\" content=\"https:\/\/www.facebook.com\/wedigitek\" \/>\n<meta property=\"article:modified_time\" content=\"2025-07-07T22:28:57+00:00\" \/>\n<meta name=\"twitter:card\" content=\"summary_large_image\" \/>\n<meta name=\"twitter:label1\" content=\"Tiempo de lectura\" \/>\n\t<meta name=\"twitter:data1\" content=\"1 minuto\" \/>\n<script type=\"application\/ld+json\" class=\"yoast-schema-graph\">{\"@context\":\"https:\/\/schema.org\",\"@graph\":[{\"@type\":\"WebPage\",\"@id\":\"https:\/\/wedigitek.com\/es\/\",\"url\":\"https:\/\/wedigitek.com\/es\/\",\"name\":\"Home - We:Digitek\",\"isPartOf\":{\"@id\":\"https:\/\/wedigitek.com\/es\/#website\"},\"datePublished\":\"2024-04-08T12:12:33+00:00\",\"dateModified\":\"2025-07-07T22:28:57+00:00\",\"breadcrumb\":{\"@id\":\"https:\/\/wedigitek.com\/es\/#breadcrumb\"},\"inLanguage\":\"es\",\"potentialAction\":[{\"@type\":\"ReadAction\",\"target\":[\"https:\/\/wedigitek.com\/es\/\"]}]},{\"@type\":\"BreadcrumbList\",\"@id\":\"https:\/\/wedigitek.com\/es\/#breadcrumb\",\"itemListElement\":[{\"@type\":\"ListItem\",\"position\":1,\"name\":\"In\u00edcio\",\"item\":\"https:\/\/wedigitek.com\/es\/\"},{\"@type\":\"ListItem\",\"position\":2,\"name\":\"Home\"}]},{\"@type\":\"WebSite\",\"@id\":\"https:\/\/wedigitek.com\/es\/#website\",\"url\":\"https:\/\/wedigitek.com\/es\/\",\"name\":\"We:Digitek\",\"description\":\"Home\",\"publisher\":{\"@id\":\"https:\/\/wedigitek.com\/es\/#organization\"},\"potentialAction\":[{\"@type\":\"SearchAction\",\"target\":{\"@type\":\"EntryPoint\",\"urlTemplate\":\"https:\/\/wedigitek.com\/es\/?s={search_term_string}\"},\"query-input\":{\"@type\":\"PropertyValueSpecification\",\"valueRequired\":true,\"valueName\":\"search_term_string\"}}],\"inLanguage\":\"es\"},{\"@type\":\"Organization\",\"@id\":\"https:\/\/wedigitek.com\/es\/#organization\",\"name\":\"We:Digitek\",\"url\":\"https:\/\/wedigitek.com\/es\/\",\"logo\":{\"@type\":\"ImageObject\",\"inLanguage\":\"es\",\"@id\":\"https:\/\/wedigitek.com\/es\/#\/schema\/logo\/image\/\",\"url\":\"https:\/\/wedigitek.com\/wp-content\/uploads\/2024\/05\/logo-wedigitek-1297x245-2.png\",\"contentUrl\":\"https:\/\/wedigitek.com\/wp-content\/uploads\/2024\/05\/logo-wedigitek-1297x245-2.png\",\"width\":1297,\"height\":245,\"caption\":\"We:Digitek\"},\"image\":{\"@id\":\"https:\/\/wedigitek.com\/es\/#\/schema\/logo\/image\/\"},\"sameAs\":[\"https:\/\/www.facebook.com\/wedigitek\",\"https:\/\/www.instagram.com\/wedigitek\",\"https:\/\/linkedin.com\/company\/wedigitek\/\"]}]}<\/script>\n<!-- \/ Yoast SEO plugin. -->","yoast_head_json":{"title":"Home - We:Digitek","robots":{"index":"index","follow":"follow","max-snippet":"max-snippet:-1","max-image-preview":"max-image-preview:large","max-video-preview":"max-video-preview:-1"},"canonical":"https:\/\/wedigitek.com\/es\/","og_locale":"es_ES","og_type":"article","og_title":"Home - We:Digitek","og_description":"We:Digitek es referencia y l\u00edder en tecnolog\u00eda para el mercado de comidas colectivas. Ofrecemos un amplio n\u00famero de soluciones para los segmentos Corporativo, Educaci\u00f3n, Salud y Energ\u00eda. Para m\u00e1s informaci\u00f3n, no dude en contactarnos y solicitar un presupuesto personalizado.","og_url":"https:\/\/wedigitek.com\/es\/","og_site_name":"We:Digitek","article_publisher":"https:\/\/www.facebook.com\/wedigitek","article_modified_time":"2025-07-07T22:28:57+00:00","twitter_card":"summary_large_image","twitter_misc":{"Tiempo de lectura":"1 minuto"},"schema":{"@context":"https:\/\/schema.org","@graph":[{"@type":"WebPage","@id":"https:\/\/wedigitek.com\/es\/","url":"https:\/\/wedigitek.com\/es\/","name":"Home - We:Digitek","isPartOf":{"@id":"https:\/\/wedigitek.com\/es\/#website"},"datePublished":"2024-04-08T12:12:33+00:00","dateModified":"2025-07-07T22:28:57+00:00","breadcrumb":{"@id":"https:\/\/wedigitek.com\/es\/#breadcrumb"},"inLanguage":"es","potentialAction":[{"@type":"ReadAction","target":["https:\/\/wedigitek.com\/es\/"]}]},{"@type":"BreadcrumbList","@id":"https:\/\/wedigitek.com\/es\/#breadcrumb","itemListElement":[{"@type":"ListItem","position":1,"name":"In\u00edcio","item":"https:\/\/wedigitek.com\/es\/"},{"@type":"ListItem","position":2,"name":"Home"}]},{"@type":"WebSite","@id":"https:\/\/wedigitek.com\/es\/#website","url":"https:\/\/wedigitek.com\/es\/","name":"We:Digitek","description":"Home","publisher":{"@id":"https:\/\/wedigitek.com\/es\/#organization"},"potentialAction":[{"@type":"SearchAction","target":{"@type":"EntryPoint","urlTemplate":"https:\/\/wedigitek.com\/es\/?s={search_term_string}"},"query-input":{"@type":"PropertyValueSpecification","valueRequired":true,"valueName":"search_term_string"}}],"inLanguage":"es"},{"@type":"Organization","@id":"https:\/\/wedigitek.com\/es\/#organization","name":"We:Digitek","url":"https:\/\/wedigitek.com\/es\/","logo":{"@type":"ImageObject","inLanguage":"es","@id":"https:\/\/wedigitek.com\/es\/#\/schema\/logo\/image\/","url":"https:\/\/wedigitek.com\/wp-content\/uploads\/2024\/05\/logo-wedigitek-1297x245-2.png","contentUrl":"https:\/\/wedigitek.com\/wp-content\/uploads\/2024\/05\/logo-wedigitek-1297x245-2.png","width":1297,"height":245,"caption":"We:Digitek"},"image":{"@id":"https:\/\/wedigitek.com\/es\/#\/schema\/logo\/image\/"},"sameAs":["https:\/\/www.facebook.com\/wedigitek","https:\/\/www.instagram.com\/wedigitek","https:\/\/linkedin.com\/company\/wedigitek\/"]}]}},"_links":{"self":[{"href":"https:\/\/wedigitek.com\/es\/wp-json\/wp\/v2\/pages\/5020","targetHints":{"allow":["GET"]}}],"collection":[{"href":"https:\/\/wedigitek.com\/es\/wp-json\/wp\/v2\/pages"}],"about":[{"href":"https:\/\/wedigitek.com\/es\/wp-json\/wp\/v2\/types\/page"}],"author":[{"embeddable":true,"href":"https:\/\/wedigitek.com\/es\/wp-json\/wp\/v2\/users\/1"}],"replies":[{"embeddable":true,"href":"https:\/\/wedigitek.com\/es\/wp-json\/wp\/v2\/comments?post=5020"}],"version-history":[{"count":11,"href":"https:\/\/wedigitek.com\/es\/wp-json\/wp\/v2\/pages\/5020\/revisions"}],"predecessor-version":[{"id":5438,"href":"https:\/\/wedigitek.com\/es\/wp-json\/wp\/v2\/pages\/5020\/revisions\/5438"}],"wp:attachment":[{"href":"https:\/\/wedigitek.com\/es\/wp-json\/wp\/v2\/media?parent=5020"}],"curies":[{"name":"wp","href":"https:\/\/api.w.org\/{rel}","templated":true}]}}