{"id":5066,"date":"2024-06-03T08:08:53","date_gmt":"2024-06-03T07:08:53","guid":{"rendered":"https:\/\/wedigitek.com\/novosite\/?page_id=5066"},"modified":"2024-07-08T07:52:04","modified_gmt":"2024-07-08T10:52:04","slug":"backoffice-salud","status":"publish","type":"page","link":"https:\/\/wedigitek.com\/es\/segmento-de-salud\/backoffice-salud\/","title":{"rendered":"BackOffice : Salud"},"content":{"rendered":"\r\n<h1 class=\"wp-block-heading\">Volver<strong>Oficina<\/strong><\/h1>\r\n\r\n\r\n\r\n<h2 class=\"wp-block-heading\">para el sector sanitario<\/h2>\r\n\r\n\r\n\r\n<p>Plataforma de acceso a informaci\u00f3n para el funcionamiento de las unidades: es a trav\u00e9s de este sitio web que el Responsable de la Unidad podr\u00e1 actualizar las opciones disponibles en el men\u00fa, adem\u00e1s de consultar tableros para evaluar la encuesta de satisfacci\u00f3n, ventas de productos y todo otras caracter\u00edsticas de la aplicaci\u00f3n.<\/p>\r\n","protected":false},"excerpt":{"rendered":"<p>VolverOficina para el sector sanitario Plataforma de acceso a informaci\u00f3n para el funcionamiento de las unidades: es a trav\u00e9s de este sitio web que el Responsable de la Unidad podr\u00e1 actualizar las opciones disponibles en el men\u00fa, adem\u00e1s de consultar tableros para evaluar la encuesta de satisfacci\u00f3n, ventas de productos y todo otras caracter\u00edsticas de&#8230;  <a class=\"excerpt-read-more\" href=\"https:\/\/wedigitek.com\/es\/segmento-de-salud\/backoffice-salud\/\" title=\"Read BackOffice : Salud\">continuar lendo &raquo;<\/a><\/p>\n","protected":false},"author":1,"featured_media":0,"parent":5052,"menu_order":1,"comment_status":"closed","ping_status":"closed","template":"page-segment-solution.php","meta":{"_acf_changed":false,"_monsterinsights_skip_tracking":false,"_monsterinsights_sitenote_active":false,"_monsterinsights_sitenote_note":"","_monsterinsights_sitenote_category":0,"footnotes":""},"class_list":["post-5066","page","type-page","status-publish","hentry"],"acf":[],"yoast_head":"<!-- This site is optimized with the Yoast SEO plugin v26.6 - https:\/\/yoast.com\/wordpress\/plugins\/seo\/ -->\n<title>BackOffice : Salud - We:Digitek<\/title>\n<meta name=\"robots\" content=\"index, follow, max-snippet:-1, max-image-preview:large, max-video-preview:-1\" \/>\n<link rel=\"canonical\" href=\"https:\/\/wedigitek.com\/es\/segmento-de-salud\/backoffice-salud\/\" \/>\n<meta property=\"og:locale\" content=\"es_ES\" \/>\n<meta property=\"og:type\" content=\"article\" \/>\n<meta property=\"og:title\" content=\"BackOffice : Salud - We:Digitek\" \/>\n<meta property=\"og:description\" content=\"VolverOficina para el sector sanitario Plataforma de acceso a informaci\u00f3n para el funcionamiento de las unidades: es a trav\u00e9s de este sitio web que el Responsable de la Unidad podr\u00e1 actualizar las opciones disponibles en el men\u00fa, adem\u00e1s de consultar tableros para evaluar la encuesta de satisfacci\u00f3n, ventas de productos y todo otras caracter\u00edsticas de... continuar lendo &raquo;\" \/>\n<meta property=\"og:url\" content=\"https:\/\/wedigitek.com\/es\/segmento-de-salud\/backoffice-salud\/\" \/>\n<meta property=\"og:site_name\" content=\"We:Digitek\" \/>\n<meta property=\"article:publisher\" content=\"https:\/\/www.facebook.com\/wedigitek\" \/>\n<meta property=\"article:modified_time\" content=\"2024-07-08T10:52:04+00:00\" \/>\n<meta name=\"twitter:card\" content=\"summary_large_image\" \/>\n<script type=\"application\/ld+json\" class=\"yoast-schema-graph\">{\"@context\":\"https:\/\/schema.org\",\"@graph\":[{\"@type\":\"WebPage\",\"@id\":\"https:\/\/wedigitek.com\/es\/segmento-de-salud\/backoffice-salud\/\",\"url\":\"https:\/\/wedigitek.com\/es\/segmento-de-salud\/backoffice-salud\/\",\"name\":\"BackOffice : Salud - We:Digitek\",\"isPartOf\":{\"@id\":\"https:\/\/wedigitek.com\/es\/#website\"},\"datePublished\":\"2024-06-03T07:08:53+00:00\",\"dateModified\":\"2024-07-08T10:52:04+00:00\",\"breadcrumb\":{\"@id\":\"https:\/\/wedigitek.com\/es\/segmento-de-salud\/backoffice-salud\/#breadcrumb\"},\"inLanguage\":\"es\",\"potentialAction\":[{\"@type\":\"ReadAction\",\"target\":[\"https:\/\/wedigitek.com\/es\/segmento-de-salud\/backoffice-salud\/\"]}]},{\"@type\":\"BreadcrumbList\",\"@id\":\"https:\/\/wedigitek.com\/es\/segmento-de-salud\/backoffice-salud\/#breadcrumb\",\"itemListElement\":[{\"@type\":\"ListItem\",\"position\":1,\"name\":\"In\u00edcio\",\"item\":\"https:\/\/wedigitek.com\/es\/\"},{\"@type\":\"ListItem\",\"position\":2,\"name\":\"Segmento de Salud\",\"item\":\"https:\/\/wedigitek.com\/es\/segmento-de-salud\/\"},{\"@type\":\"ListItem\",\"position\":3,\"name\":\"BackOffice : Salud\"}]},{\"@type\":\"WebSite\",\"@id\":\"https:\/\/wedigitek.com\/es\/#website\",\"url\":\"https:\/\/wedigitek.com\/es\/\",\"name\":\"We:Digitek\",\"description\":\"Home\",\"publisher\":{\"@id\":\"https:\/\/wedigitek.com\/es\/#organization\"},\"potentialAction\":[{\"@type\":\"SearchAction\",\"target\":{\"@type\":\"EntryPoint\",\"urlTemplate\":\"https:\/\/wedigitek.com\/es\/?s={search_term_string}\"},\"query-input\":{\"@type\":\"PropertyValueSpecification\",\"valueRequired\":true,\"valueName\":\"search_term_string\"}}],\"inLanguage\":\"es\"},{\"@type\":\"Organization\",\"@id\":\"https:\/\/wedigitek.com\/es\/#organization\",\"name\":\"We:Digitek\",\"url\":\"https:\/\/wedigitek.com\/es\/\",\"logo\":{\"@type\":\"ImageObject\",\"inLanguage\":\"es\",\"@id\":\"https:\/\/wedigitek.com\/es\/#\/schema\/logo\/image\/\",\"url\":\"https:\/\/wedigitek.com\/wp-content\/uploads\/2024\/05\/logo-wedigitek-1297x245-2.png\",\"contentUrl\":\"https:\/\/wedigitek.com\/wp-content\/uploads\/2024\/05\/logo-wedigitek-1297x245-2.png\",\"width\":1297,\"height\":245,\"caption\":\"We:Digitek\"},\"image\":{\"@id\":\"https:\/\/wedigitek.com\/es\/#\/schema\/logo\/image\/\"},\"sameAs\":[\"https:\/\/www.facebook.com\/wedigitek\",\"https:\/\/www.instagram.com\/wedigitek\",\"https:\/\/linkedin.com\/company\/wedigitek\/\"]}]}<\/script>\n<!-- \/ Yoast SEO plugin. -->","yoast_head_json":{"title":"BackOffice : Salud - We:Digitek","robots":{"index":"index","follow":"follow","max-snippet":"max-snippet:-1","max-image-preview":"max-image-preview:large","max-video-preview":"max-video-preview:-1"},"canonical":"https:\/\/wedigitek.com\/es\/segmento-de-salud\/backoffice-salud\/","og_locale":"es_ES","og_type":"article","og_title":"BackOffice : Salud - We:Digitek","og_description":"VolverOficina para el sector sanitario Plataforma de acceso a informaci\u00f3n para el funcionamiento de las unidades: es a trav\u00e9s de este sitio web que el Responsable de la Unidad podr\u00e1 actualizar las opciones disponibles en el men\u00fa, adem\u00e1s de consultar tableros para evaluar la encuesta de satisfacci\u00f3n, ventas de productos y todo otras caracter\u00edsticas de... continuar lendo &raquo;","og_url":"https:\/\/wedigitek.com\/es\/segmento-de-salud\/backoffice-salud\/","og_site_name":"We:Digitek","article_publisher":"https:\/\/www.facebook.com\/wedigitek","article_modified_time":"2024-07-08T10:52:04+00:00","twitter_card":"summary_large_image","schema":{"@context":"https:\/\/schema.org","@graph":[{"@type":"WebPage","@id":"https:\/\/wedigitek.com\/es\/segmento-de-salud\/backoffice-salud\/","url":"https:\/\/wedigitek.com\/es\/segmento-de-salud\/backoffice-salud\/","name":"BackOffice : Salud - We:Digitek","isPartOf":{"@id":"https:\/\/wedigitek.com\/es\/#website"},"datePublished":"2024-06-03T07:08:53+00:00","dateModified":"2024-07-08T10:52:04+00:00","breadcrumb":{"@id":"https:\/\/wedigitek.com\/es\/segmento-de-salud\/backoffice-salud\/#breadcrumb"},"inLanguage":"es","potentialAction":[{"@type":"ReadAction","target":["https:\/\/wedigitek.com\/es\/segmento-de-salud\/backoffice-salud\/"]}]},{"@type":"BreadcrumbList","@id":"https:\/\/wedigitek.com\/es\/segmento-de-salud\/backoffice-salud\/#breadcrumb","itemListElement":[{"@type":"ListItem","position":1,"name":"In\u00edcio","item":"https:\/\/wedigitek.com\/es\/"},{"@type":"ListItem","position":2,"name":"Segmento de Salud","item":"https:\/\/wedigitek.com\/es\/segmento-de-salud\/"},{"@type":"ListItem","position":3,"name":"BackOffice : Salud"}]},{"@type":"WebSite","@id":"https:\/\/wedigitek.com\/es\/#website","url":"https:\/\/wedigitek.com\/es\/","name":"We:Digitek","description":"Home","publisher":{"@id":"https:\/\/wedigitek.com\/es\/#organization"},"potentialAction":[{"@type":"SearchAction","target":{"@type":"EntryPoint","urlTemplate":"https:\/\/wedigitek.com\/es\/?s={search_term_string}"},"query-input":{"@type":"PropertyValueSpecification","valueRequired":true,"valueName":"search_term_string"}}],"inLanguage":"es"},{"@type":"Organization","@id":"https:\/\/wedigitek.com\/es\/#organization","name":"We:Digitek","url":"https:\/\/wedigitek.com\/es\/","logo":{"@type":"ImageObject","inLanguage":"es","@id":"https:\/\/wedigitek.com\/es\/#\/schema\/logo\/image\/","url":"https:\/\/wedigitek.com\/wp-content\/uploads\/2024\/05\/logo-wedigitek-1297x245-2.png","contentUrl":"https:\/\/wedigitek.com\/wp-content\/uploads\/2024\/05\/logo-wedigitek-1297x245-2.png","width":1297,"height":245,"caption":"We:Digitek"},"image":{"@id":"https:\/\/wedigitek.com\/es\/#\/schema\/logo\/image\/"},"sameAs":["https:\/\/www.facebook.com\/wedigitek","https:\/\/www.instagram.com\/wedigitek","https:\/\/linkedin.com\/company\/wedigitek\/"]}]}},"_links":{"self":[{"href":"https:\/\/wedigitek.com\/es\/wp-json\/wp\/v2\/pages\/5066","targetHints":{"allow":["GET"]}}],"collection":[{"href":"https:\/\/wedigitek.com\/es\/wp-json\/wp\/v2\/pages"}],"about":[{"href":"https:\/\/wedigitek.com\/es\/wp-json\/wp\/v2\/types\/page"}],"author":[{"embeddable":true,"href":"https:\/\/wedigitek.com\/es\/wp-json\/wp\/v2\/users\/1"}],"replies":[{"embeddable":true,"href":"https:\/\/wedigitek.com\/es\/wp-json\/wp\/v2\/comments?post=5066"}],"version-history":[{"count":2,"href":"https:\/\/wedigitek.com\/es\/wp-json\/wp\/v2\/pages\/5066\/revisions"}],"predecessor-version":[{"id":5068,"href":"https:\/\/wedigitek.com\/es\/wp-json\/wp\/v2\/pages\/5066\/revisions\/5068"}],"up":[{"embeddable":true,"href":"https:\/\/wedigitek.com\/es\/wp-json\/wp\/v2\/pages\/5052"}],"wp:attachment":[{"href":"https:\/\/wedigitek.com\/es\/wp-json\/wp\/v2\/media?parent=5066"}],"curies":[{"name":"wp","href":"https:\/\/api.w.org\/{rel}","templated":true}]}}