{"id":5095,"date":"2024-06-03T07:52:37","date_gmt":"2024-06-03T06:52:37","guid":{"rendered":"https:\/\/wedigitek.com\/novosite\/?page_id=5095"},"modified":"2024-07-08T12:03:28","modified_gmt":"2024-07-08T15:03:28","slug":"aplicativo-educacion","status":"publish","type":"page","link":"https:\/\/wedigitek.com\/es\/segmento-educacion\/aplicativo-educacion\/","title":{"rendered":"Aplicativo : Educaci\u00f3n"},"content":{"rendered":"\r\n<h1 class=\"wp-block-heading\">Aplicativo <strong>(APP)<\/strong><\/h1>\r\n\r\n\r\n\r\n<h2 class=\"wp-block-heading\">para o Setor da Educa\u00e7\u00e3o<\/h2>\r\n\r\n\r\n\r\n<p>O aplicativo desenvolvido pela We:Digitek tem como objetivo facilitar a intera\u00e7\u00e3o do cliente com o restaurante, trazendo uma experi\u00eancia flu\u00edda e acess\u00edvel para que todas as suas funcionalidades sejam utilizadas com facilidade.<\/p>\r\n\r\n\r\n\r\n<h4 class=\"wp-block-heading\">Confira abaixo mais detalhes \u00e0 respeito:<\/h4>\r\n","protected":false},"excerpt":{"rendered":"<p>Aplicativo (APP) para o Setor da Educa\u00e7\u00e3o O aplicativo desenvolvido pela We:Digitek tem como objetivo facilitar a intera\u00e7\u00e3o do cliente com o restaurante, trazendo uma experi\u00eancia flu\u00edda e acess\u00edvel para que todas as suas funcionalidades sejam utilizadas com facilidade. Confira abaixo mais detalhes \u00e0 respeito:<\/p>\n","protected":false},"author":1,"featured_media":0,"parent":5093,"menu_order":0,"comment_status":"closed","ping_status":"closed","template":"page-segment-solution.php","meta":{"_acf_changed":false,"_monsterinsights_skip_tracking":false,"_monsterinsights_sitenote_active":false,"_monsterinsights_sitenote_note":"","_monsterinsights_sitenote_category":0,"footnotes":""},"class_list":["post-5095","page","type-page","status-publish","hentry"],"acf":[],"yoast_head":"<!-- This site is optimized with the Yoast SEO plugin v26.6 - https:\/\/yoast.com\/wordpress\/plugins\/seo\/ -->\n<title>Aplicativo : Educaci\u00f3n - We:Digitek<\/title>\n<meta name=\"robots\" content=\"index, follow, max-snippet:-1, max-image-preview:large, max-video-preview:-1\" \/>\n<link rel=\"canonical\" href=\"https:\/\/wedigitek.com\/es\/segmento-educacion\/aplicativo-educacion\/\" \/>\n<meta property=\"og:locale\" content=\"es_ES\" \/>\n<meta property=\"og:type\" content=\"article\" \/>\n<meta property=\"og:title\" content=\"Aplicativo : Educaci\u00f3n - We:Digitek\" \/>\n<meta property=\"og:description\" content=\"Aplicativo (APP) para o Setor da Educa\u00e7\u00e3o O aplicativo desenvolvido pela We:Digitek tem como objetivo facilitar a intera\u00e7\u00e3o do cliente com o restaurante, trazendo uma experi\u00eancia flu\u00edda e acess\u00edvel para que todas as suas funcionalidades sejam utilizadas com facilidade. Confira abaixo mais detalhes \u00e0 respeito:\" \/>\n<meta property=\"og:url\" content=\"https:\/\/wedigitek.com\/es\/segmento-educacion\/aplicativo-educacion\/\" \/>\n<meta property=\"og:site_name\" content=\"We:Digitek\" \/>\n<meta property=\"article:publisher\" content=\"https:\/\/www.facebook.com\/wedigitek\" \/>\n<meta property=\"article:modified_time\" content=\"2024-07-08T15:03:28+00:00\" \/>\n<meta name=\"twitter:card\" content=\"summary_large_image\" \/>\n<script type=\"application\/ld+json\" class=\"yoast-schema-graph\">{\"@context\":\"https:\/\/schema.org\",\"@graph\":[{\"@type\":\"WebPage\",\"@id\":\"https:\/\/wedigitek.com\/es\/segmento-educacion\/aplicativo-educacion\/\",\"url\":\"https:\/\/wedigitek.com\/es\/segmento-educacion\/aplicativo-educacion\/\",\"name\":\"Aplicativo : Educaci\u00f3n - We:Digitek\",\"isPartOf\":{\"@id\":\"https:\/\/wedigitek.com\/es\/#website\"},\"datePublished\":\"2024-06-03T06:52:37+00:00\",\"dateModified\":\"2024-07-08T15:03:28+00:00\",\"breadcrumb\":{\"@id\":\"https:\/\/wedigitek.com\/es\/segmento-educacion\/aplicativo-educacion\/#breadcrumb\"},\"inLanguage\":\"es\",\"potentialAction\":[{\"@type\":\"ReadAction\",\"target\":[\"https:\/\/wedigitek.com\/es\/segmento-educacion\/aplicativo-educacion\/\"]}]},{\"@type\":\"BreadcrumbList\",\"@id\":\"https:\/\/wedigitek.com\/es\/segmento-educacion\/aplicativo-educacion\/#breadcrumb\",\"itemListElement\":[{\"@type\":\"ListItem\",\"position\":1,\"name\":\"In\u00edcio\",\"item\":\"https:\/\/wedigitek.com\/es\/\"},{\"@type\":\"ListItem\",\"position\":2,\"name\":\"Segmento Educaci\u00f3n\",\"item\":\"https:\/\/wedigitek.com\/es\/segmento-educacion\/\"},{\"@type\":\"ListItem\",\"position\":3,\"name\":\"Aplicativo : Educaci\u00f3n\"}]},{\"@type\":\"WebSite\",\"@id\":\"https:\/\/wedigitek.com\/es\/#website\",\"url\":\"https:\/\/wedigitek.com\/es\/\",\"name\":\"We:Digitek\",\"description\":\"Home\",\"publisher\":{\"@id\":\"https:\/\/wedigitek.com\/es\/#organization\"},\"potentialAction\":[{\"@type\":\"SearchAction\",\"target\":{\"@type\":\"EntryPoint\",\"urlTemplate\":\"https:\/\/wedigitek.com\/es\/?s={search_term_string}\"},\"query-input\":{\"@type\":\"PropertyValueSpecification\",\"valueRequired\":true,\"valueName\":\"search_term_string\"}}],\"inLanguage\":\"es\"},{\"@type\":\"Organization\",\"@id\":\"https:\/\/wedigitek.com\/es\/#organization\",\"name\":\"We:Digitek\",\"url\":\"https:\/\/wedigitek.com\/es\/\",\"logo\":{\"@type\":\"ImageObject\",\"inLanguage\":\"es\",\"@id\":\"https:\/\/wedigitek.com\/es\/#\/schema\/logo\/image\/\",\"url\":\"https:\/\/wedigitek.com\/wp-content\/uploads\/2024\/05\/logo-wedigitek-1297x245-2.png\",\"contentUrl\":\"https:\/\/wedigitek.com\/wp-content\/uploads\/2024\/05\/logo-wedigitek-1297x245-2.png\",\"width\":1297,\"height\":245,\"caption\":\"We:Digitek\"},\"image\":{\"@id\":\"https:\/\/wedigitek.com\/es\/#\/schema\/logo\/image\/\"},\"sameAs\":[\"https:\/\/www.facebook.com\/wedigitek\",\"https:\/\/www.instagram.com\/wedigitek\",\"https:\/\/linkedin.com\/company\/wedigitek\/\"]}]}<\/script>\n<!-- \/ Yoast SEO plugin. -->","yoast_head_json":{"title":"Aplicativo : Educaci\u00f3n - We:Digitek","robots":{"index":"index","follow":"follow","max-snippet":"max-snippet:-1","max-image-preview":"max-image-preview:large","max-video-preview":"max-video-preview:-1"},"canonical":"https:\/\/wedigitek.com\/es\/segmento-educacion\/aplicativo-educacion\/","og_locale":"es_ES","og_type":"article","og_title":"Aplicativo : Educaci\u00f3n - We:Digitek","og_description":"Aplicativo (APP) para o Setor da Educa\u00e7\u00e3o O aplicativo desenvolvido pela We:Digitek tem como objetivo facilitar a intera\u00e7\u00e3o do cliente com o restaurante, trazendo uma experi\u00eancia flu\u00edda e acess\u00edvel para que todas as suas funcionalidades sejam utilizadas com facilidade. Confira abaixo mais detalhes \u00e0 respeito:","og_url":"https:\/\/wedigitek.com\/es\/segmento-educacion\/aplicativo-educacion\/","og_site_name":"We:Digitek","article_publisher":"https:\/\/www.facebook.com\/wedigitek","article_modified_time":"2024-07-08T15:03:28+00:00","twitter_card":"summary_large_image","schema":{"@context":"https:\/\/schema.org","@graph":[{"@type":"WebPage","@id":"https:\/\/wedigitek.com\/es\/segmento-educacion\/aplicativo-educacion\/","url":"https:\/\/wedigitek.com\/es\/segmento-educacion\/aplicativo-educacion\/","name":"Aplicativo : Educaci\u00f3n - We:Digitek","isPartOf":{"@id":"https:\/\/wedigitek.com\/es\/#website"},"datePublished":"2024-06-03T06:52:37+00:00","dateModified":"2024-07-08T15:03:28+00:00","breadcrumb":{"@id":"https:\/\/wedigitek.com\/es\/segmento-educacion\/aplicativo-educacion\/#breadcrumb"},"inLanguage":"es","potentialAction":[{"@type":"ReadAction","target":["https:\/\/wedigitek.com\/es\/segmento-educacion\/aplicativo-educacion\/"]}]},{"@type":"BreadcrumbList","@id":"https:\/\/wedigitek.com\/es\/segmento-educacion\/aplicativo-educacion\/#breadcrumb","itemListElement":[{"@type":"ListItem","position":1,"name":"In\u00edcio","item":"https:\/\/wedigitek.com\/es\/"},{"@type":"ListItem","position":2,"name":"Segmento Educaci\u00f3n","item":"https:\/\/wedigitek.com\/es\/segmento-educacion\/"},{"@type":"ListItem","position":3,"name":"Aplicativo : Educaci\u00f3n"}]},{"@type":"WebSite","@id":"https:\/\/wedigitek.com\/es\/#website","url":"https:\/\/wedigitek.com\/es\/","name":"We:Digitek","description":"Home","publisher":{"@id":"https:\/\/wedigitek.com\/es\/#organization"},"potentialAction":[{"@type":"SearchAction","target":{"@type":"EntryPoint","urlTemplate":"https:\/\/wedigitek.com\/es\/?s={search_term_string}"},"query-input":{"@type":"PropertyValueSpecification","valueRequired":true,"valueName":"search_term_string"}}],"inLanguage":"es"},{"@type":"Organization","@id":"https:\/\/wedigitek.com\/es\/#organization","name":"We:Digitek","url":"https:\/\/wedigitek.com\/es\/","logo":{"@type":"ImageObject","inLanguage":"es","@id":"https:\/\/wedigitek.com\/es\/#\/schema\/logo\/image\/","url":"https:\/\/wedigitek.com\/wp-content\/uploads\/2024\/05\/logo-wedigitek-1297x245-2.png","contentUrl":"https:\/\/wedigitek.com\/wp-content\/uploads\/2024\/05\/logo-wedigitek-1297x245-2.png","width":1297,"height":245,"caption":"We:Digitek"},"image":{"@id":"https:\/\/wedigitek.com\/es\/#\/schema\/logo\/image\/"},"sameAs":["https:\/\/www.facebook.com\/wedigitek","https:\/\/www.instagram.com\/wedigitek","https:\/\/linkedin.com\/company\/wedigitek\/"]}]}},"_links":{"self":[{"href":"https:\/\/wedigitek.com\/es\/wp-json\/wp\/v2\/pages\/5095","targetHints":{"allow":["GET"]}}],"collection":[{"href":"https:\/\/wedigitek.com\/es\/wp-json\/wp\/v2\/pages"}],"about":[{"href":"https:\/\/wedigitek.com\/es\/wp-json\/wp\/v2\/types\/page"}],"author":[{"embeddable":true,"href":"https:\/\/wedigitek.com\/es\/wp-json\/wp\/v2\/users\/1"}],"replies":[{"embeddable":true,"href":"https:\/\/wedigitek.com\/es\/wp-json\/wp\/v2\/comments?post=5095"}],"version-history":[{"count":2,"href":"https:\/\/wedigitek.com\/es\/wp-json\/wp\/v2\/pages\/5095\/revisions"}],"predecessor-version":[{"id":5097,"href":"https:\/\/wedigitek.com\/es\/wp-json\/wp\/v2\/pages\/5095\/revisions\/5097"}],"up":[{"embeddable":true,"href":"https:\/\/wedigitek.com\/es\/wp-json\/wp\/v2\/pages\/5093"}],"wp:attachment":[{"href":"https:\/\/wedigitek.com\/es\/wp-json\/wp\/v2\/media?parent=5095"}],"curies":[{"name":"wp","href":"https:\/\/api.w.org\/{rel}","templated":true}]}}