{"id":5373,"date":"2024-07-17T14:19:24","date_gmt":"2024-07-17T13:19:24","guid":{"rendered":"https:\/\/wedigitek.com\/politica-de-privacidade\/"},"modified":"2024-07-17T18:13:32","modified_gmt":"2024-07-17T17:13:32","slug":"politica-de-privacidad","status":"publish","type":"page","link":"https:\/\/wedigitek.com\/es\/politica-de-privacidad\/","title":{"rendered":"Pol\u00edtica de Privacidad"},"content":{"rendered":"<p>Esta Pol\u00edtica de Privacidad describe c\u00f3mo WEDIGITEK B.V. (\u00abnosotros\u00bb, \u00abnuestro\u00bb, \u00abnos\u00bb) recopila, utiliza<br \/>\ny protege la informaci\u00f3n personal que nos proporciona cuando visita nuestro sitio web<br \/>\nhttps:\/\/wedigitek.com (\u00absitio web\u00bb). Estamos comprometidos a proteger su privacidad y cumplir con<br \/>\nlas obligaciones que establece el Reglamento General de Protecci\u00f3n de Datos (RGPD).<\/p>\n<p>&nbsp;<\/p>\n<ol>\n<li>\n<h2>Informaci\u00f3n que recopilamos<\/h2>\n<p>Informaci\u00f3n personal: podemos recopilar informaci\u00f3n que usted nos proporciona directamente, como<br \/>\nnombre, direcci\u00f3n de correo electr\u00f3nico, n\u00famero de tel\u00e9fono y otra informaci\u00f3n de contacto.<br \/>\nDatos de navegaci\u00f3n: podemos recopilar informaci\u00f3n sobre su navegaci\u00f3n en nuestro sitio web,<br \/>\nincluyendo su direcci\u00f3n IP, tipo de navegador, p\u00e1ginas visitadas, hora de visita y otros datos<br \/>\nEstad\u00edsticas.<br \/>\nCookies: Utilizamos cookies para mejorar su experiencia en nuestro sitio web. las galletas son peque\u00f1as<br \/>\narchivos de texto almacenados en su dispositivo. Puede configurar su navegador para<br \/>\nRechace las cookies, pero esto puede afectar la funcionalidad del sitio.<\/li>\n<li>\n<h2>C\u00f3mo utilizamos la informaci\u00f3n<\/h2>\n<p>Usamos su informaci\u00f3n personal para:<br \/>\n&#8211; Pol\u00edtica de privacidad<br \/>\n&#8211; Proporcionar los servicios solicitados;<br \/>\n&#8211; Mejorar nuestro sitio web y nuestros servicios;<br \/>\n&#8211; Enviar comunicaciones comerciales e informaci\u00f3n sobre nuestros productos y servicios, siempre que<br \/>\nha dado su consentimiento para recibir dichas comunicaciones;<br \/>\n&#8211; Responder a sus consultas y solicitudes;<br \/>\n&#8211; Cumplir con las obligaciones legales.<\/li>\n<li>\n<h2>Compartir informaci\u00f3n<\/h2>\n<p>No vendemos, comercializamos ni transferimos su informaci\u00f3n a terceros.<br \/>\npersonales, excepto:<br \/>\n&#8211; Con proveedores de servicios que nos ayudan a operar nuestro sitio web y brindar nuestros servicios<br \/>\nservicios, siempre y cuando estos proveedores acepten mantener esta informaci\u00f3n confidencial;<br \/>\n&#8211; Para cumplir con obligaciones legales o responder a solicitudes legales de autoridades.<\/li>\n<li>\n<h2>Derechos del interesado<\/h2>\n<p>Seg\u00fan el RGPD, tienes derecho a:<br \/>\n&#8211; Acceder a su informaci\u00f3n personal y obtener una copia de la misma;<br \/>\n&#8211; Rectificar informaci\u00f3n incorrecta o incompleta;<br \/>\nPol\u00edtica de privacidad<br \/>\n&#8211; Borrar su informaci\u00f3n personal, en determinadas circunstancias;<br \/>\n&#8211; Restringir el procesamiento de su informaci\u00f3n personal, en determinadas circunstancias;<br \/>\n&#8211; Transferir su informaci\u00f3n personal a otro responsable del tratamiento;<br \/>\n&#8211; Oponerse al procesamiento de su informaci\u00f3n personal, en determinadas circunstancias;<br \/>\n&#8211; Retirar su consentimiento en cualquier momento, sin que ello afecte a la licitud del tratamiento<br \/>\nrealizado sobre la base del consentimiento antes de su retirada.<\/li>\n<li>\n<h2>Seguridad<\/h2>\n<p>Implementamos medidas de seguridad t\u00e9cnicas y organizativas apropiadas para proteger la<br \/>\nsu informaci\u00f3n personal contra el acceso no autorizado, alteraci\u00f3n, divulgaci\u00f3n o destrucci\u00f3n.<\/li>\n<li>\n<h2>Retenci\u00f3n de datos<\/h2>\n<p>Conservamos su informaci\u00f3n personal s\u00f3lo durante el tiempo necesario para cumplir con los prop\u00f3sitos<br \/>\npara el cual fue recopilado, como se describe en esta Pol\u00edtica de Privacidad, o como<br \/>\nrequerido por la ley.<\/li>\n<li>\n<h2>Cambios en esta pol\u00edtica de privacidad<\/h2>\n<p>Podemos actualizar esta Pol\u00edtica de Privacidad peri\u00f3dicamente para reflejar los cambios en nuestra<br \/>\nPol\u00edtica de privacidad<br \/>\npr\u00e1cticas o leyes aplicables. Publicaremos la versi\u00f3n actualizada en nuestro sitio web e indicaremos la<br \/>\nfecha de la \u00faltima actualizaci\u00f3n.<\/li>\n<li>\n<h2>Contacto<\/h2>\n<p>Si tiene alguna pregunta sobre esta Pol\u00edtica de Privacidad o el procesamiento de su<br \/>\ninformaci\u00f3n personal, por favor cont\u00e1ctenos a legal@wedigitek.com o<br \/>\ndirecci\u00f3n Barbara Strozzilaan 201. 1083HN \u2013 \u00c1msterdam.<\/li>\n<li>\n<h2>Fecha de entrada en vigor<\/h2>\n<p>Esta Pol\u00edtica de Privacidad entra en vigor el 01\/01\/2024.<\/li>\n<\/ol>\n","protected":false},"excerpt":{"rendered":"<p>Esta Pol\u00edtica de Privacidad describe c\u00f3mo WEDIGITEK B.V. (\u00abnosotros\u00bb, \u00abnuestro\u00bb, \u00abnos\u00bb) recopila, utiliza y protege la informaci\u00f3n personal que nos proporciona cuando visita nuestro sitio web https:\/\/wedigitek.com (\u00absitio web\u00bb). Estamos comprometidos a proteger su privacidad y cumplir con las obligaciones que establece el Reglamento General de Protecci\u00f3n de Datos (RGPD). &nbsp; Informaci\u00f3n que recopilamos Informaci\u00f3n&#8230;  <a class=\"excerpt-read-more\" href=\"https:\/\/wedigitek.com\/es\/politica-de-privacidad\/\" title=\"Read Pol\u00edtica de Privacidad\">continuar lendo &raquo;<\/a><\/p>\n","protected":false},"author":1,"featured_media":0,"parent":0,"menu_order":0,"comment_status":"closed","ping_status":"closed","template":"","meta":{"_acf_changed":false,"_monsterinsights_skip_tracking":false,"_monsterinsights_sitenote_active":false,"_monsterinsights_sitenote_note":"","_monsterinsights_sitenote_category":0,"footnotes":""},"class_list":["post-5373","page","type-page","status-publish","hentry"],"acf":[],"yoast_head":"<!-- This site is optimized with the Yoast SEO plugin v26.6 - https:\/\/yoast.com\/wordpress\/plugins\/seo\/ -->\n<title>Pol\u00edtica de Privacidad - We:Digitek<\/title>\n<meta name=\"robots\" content=\"index, follow, max-snippet:-1, max-image-preview:large, max-video-preview:-1\" \/>\n<link rel=\"canonical\" href=\"https:\/\/wedigitek.com\/es\/politica-de-privacidad\/\" \/>\n<meta property=\"og:locale\" content=\"es_ES\" \/>\n<meta property=\"og:type\" content=\"article\" \/>\n<meta property=\"og:title\" content=\"Pol\u00edtica de Privacidad - We:Digitek\" \/>\n<meta property=\"og:description\" content=\"Esta Pol\u00edtica de Privacidad describe c\u00f3mo WEDIGITEK B.V. (\u00abnosotros\u00bb, \u00abnuestro\u00bb, \u00abnos\u00bb) recopila, utiliza y protege la informaci\u00f3n personal que nos proporciona cuando visita nuestro sitio web https:\/\/wedigitek.com (\u00absitio web\u00bb). Estamos comprometidos a proteger su privacidad y cumplir con las obligaciones que establece el Reglamento General de Protecci\u00f3n de Datos (RGPD). &nbsp; Informaci\u00f3n que recopilamos Informaci\u00f3n... continuar lendo &raquo;\" \/>\n<meta property=\"og:url\" content=\"https:\/\/wedigitek.com\/es\/politica-de-privacidad\/\" \/>\n<meta property=\"og:site_name\" content=\"We:Digitek\" \/>\n<meta property=\"article:publisher\" content=\"https:\/\/www.facebook.com\/wedigitek\" \/>\n<meta property=\"article:modified_time\" content=\"2024-07-17T17:13:32+00:00\" \/>\n<meta name=\"twitter:card\" content=\"summary_large_image\" \/>\n<meta name=\"twitter:label1\" content=\"Tiempo de lectura\" \/>\n\t<meta name=\"twitter:data1\" content=\"3 minutos\" \/>\n<script type=\"application\/ld+json\" class=\"yoast-schema-graph\">{\"@context\":\"https:\/\/schema.org\",\"@graph\":[{\"@type\":\"WebPage\",\"@id\":\"https:\/\/wedigitek.com\/es\/politica-de-privacidad\/\",\"url\":\"https:\/\/wedigitek.com\/es\/politica-de-privacidad\/\",\"name\":\"Pol\u00edtica de Privacidad - We:Digitek\",\"isPartOf\":{\"@id\":\"https:\/\/wedigitek.com\/es\/#website\"},\"datePublished\":\"2024-07-17T13:19:24+00:00\",\"dateModified\":\"2024-07-17T17:13:32+00:00\",\"breadcrumb\":{\"@id\":\"https:\/\/wedigitek.com\/es\/politica-de-privacidad\/#breadcrumb\"},\"inLanguage\":\"es\",\"potentialAction\":[{\"@type\":\"ReadAction\",\"target\":[\"https:\/\/wedigitek.com\/es\/politica-de-privacidad\/\"]}]},{\"@type\":\"BreadcrumbList\",\"@id\":\"https:\/\/wedigitek.com\/es\/politica-de-privacidad\/#breadcrumb\",\"itemListElement\":[{\"@type\":\"ListItem\",\"position\":1,\"name\":\"In\u00edcio\",\"item\":\"https:\/\/wedigitek.com\/es\/\"},{\"@type\":\"ListItem\",\"position\":2,\"name\":\"Pol\u00edtica de Privacidad\"}]},{\"@type\":\"WebSite\",\"@id\":\"https:\/\/wedigitek.com\/es\/#website\",\"url\":\"https:\/\/wedigitek.com\/es\/\",\"name\":\"We:Digitek\",\"description\":\"Home\",\"publisher\":{\"@id\":\"https:\/\/wedigitek.com\/es\/#organization\"},\"potentialAction\":[{\"@type\":\"SearchAction\",\"target\":{\"@type\":\"EntryPoint\",\"urlTemplate\":\"https:\/\/wedigitek.com\/es\/?s={search_term_string}\"},\"query-input\":{\"@type\":\"PropertyValueSpecification\",\"valueRequired\":true,\"valueName\":\"search_term_string\"}}],\"inLanguage\":\"es\"},{\"@type\":\"Organization\",\"@id\":\"https:\/\/wedigitek.com\/es\/#organization\",\"name\":\"We:Digitek\",\"url\":\"https:\/\/wedigitek.com\/es\/\",\"logo\":{\"@type\":\"ImageObject\",\"inLanguage\":\"es\",\"@id\":\"https:\/\/wedigitek.com\/es\/#\/schema\/logo\/image\/\",\"url\":\"https:\/\/wedigitek.com\/wp-content\/uploads\/2024\/05\/logo-wedigitek-1297x245-2.png\",\"contentUrl\":\"https:\/\/wedigitek.com\/wp-content\/uploads\/2024\/05\/logo-wedigitek-1297x245-2.png\",\"width\":1297,\"height\":245,\"caption\":\"We:Digitek\"},\"image\":{\"@id\":\"https:\/\/wedigitek.com\/es\/#\/schema\/logo\/image\/\"},\"sameAs\":[\"https:\/\/www.facebook.com\/wedigitek\",\"https:\/\/www.instagram.com\/wedigitek\",\"https:\/\/linkedin.com\/company\/wedigitek\/\"]}]}<\/script>\n<!-- \/ Yoast SEO plugin. -->","yoast_head_json":{"title":"Pol\u00edtica de Privacidad - We:Digitek","robots":{"index":"index","follow":"follow","max-snippet":"max-snippet:-1","max-image-preview":"max-image-preview:large","max-video-preview":"max-video-preview:-1"},"canonical":"https:\/\/wedigitek.com\/es\/politica-de-privacidad\/","og_locale":"es_ES","og_type":"article","og_title":"Pol\u00edtica de Privacidad - We:Digitek","og_description":"Esta Pol\u00edtica de Privacidad describe c\u00f3mo WEDIGITEK B.V. (\u00abnosotros\u00bb, \u00abnuestro\u00bb, \u00abnos\u00bb) recopila, utiliza y protege la informaci\u00f3n personal que nos proporciona cuando visita nuestro sitio web https:\/\/wedigitek.com (\u00absitio web\u00bb). Estamos comprometidos a proteger su privacidad y cumplir con las obligaciones que establece el Reglamento General de Protecci\u00f3n de Datos (RGPD). &nbsp; Informaci\u00f3n que recopilamos Informaci\u00f3n... continuar lendo &raquo;","og_url":"https:\/\/wedigitek.com\/es\/politica-de-privacidad\/","og_site_name":"We:Digitek","article_publisher":"https:\/\/www.facebook.com\/wedigitek","article_modified_time":"2024-07-17T17:13:32+00:00","twitter_card":"summary_large_image","twitter_misc":{"Tiempo de lectura":"3 minutos"},"schema":{"@context":"https:\/\/schema.org","@graph":[{"@type":"WebPage","@id":"https:\/\/wedigitek.com\/es\/politica-de-privacidad\/","url":"https:\/\/wedigitek.com\/es\/politica-de-privacidad\/","name":"Pol\u00edtica de Privacidad - We:Digitek","isPartOf":{"@id":"https:\/\/wedigitek.com\/es\/#website"},"datePublished":"2024-07-17T13:19:24+00:00","dateModified":"2024-07-17T17:13:32+00:00","breadcrumb":{"@id":"https:\/\/wedigitek.com\/es\/politica-de-privacidad\/#breadcrumb"},"inLanguage":"es","potentialAction":[{"@type":"ReadAction","target":["https:\/\/wedigitek.com\/es\/politica-de-privacidad\/"]}]},{"@type":"BreadcrumbList","@id":"https:\/\/wedigitek.com\/es\/politica-de-privacidad\/#breadcrumb","itemListElement":[{"@type":"ListItem","position":1,"name":"In\u00edcio","item":"https:\/\/wedigitek.com\/es\/"},{"@type":"ListItem","position":2,"name":"Pol\u00edtica de Privacidad"}]},{"@type":"WebSite","@id":"https:\/\/wedigitek.com\/es\/#website","url":"https:\/\/wedigitek.com\/es\/","name":"We:Digitek","description":"Home","publisher":{"@id":"https:\/\/wedigitek.com\/es\/#organization"},"potentialAction":[{"@type":"SearchAction","target":{"@type":"EntryPoint","urlTemplate":"https:\/\/wedigitek.com\/es\/?s={search_term_string}"},"query-input":{"@type":"PropertyValueSpecification","valueRequired":true,"valueName":"search_term_string"}}],"inLanguage":"es"},{"@type":"Organization","@id":"https:\/\/wedigitek.com\/es\/#organization","name":"We:Digitek","url":"https:\/\/wedigitek.com\/es\/","logo":{"@type":"ImageObject","inLanguage":"es","@id":"https:\/\/wedigitek.com\/es\/#\/schema\/logo\/image\/","url":"https:\/\/wedigitek.com\/wp-content\/uploads\/2024\/05\/logo-wedigitek-1297x245-2.png","contentUrl":"https:\/\/wedigitek.com\/wp-content\/uploads\/2024\/05\/logo-wedigitek-1297x245-2.png","width":1297,"height":245,"caption":"We:Digitek"},"image":{"@id":"https:\/\/wedigitek.com\/es\/#\/schema\/logo\/image\/"},"sameAs":["https:\/\/www.facebook.com\/wedigitek","https:\/\/www.instagram.com\/wedigitek","https:\/\/linkedin.com\/company\/wedigitek\/"]}]}},"_links":{"self":[{"href":"https:\/\/wedigitek.com\/es\/wp-json\/wp\/v2\/pages\/5373","targetHints":{"allow":["GET"]}}],"collection":[{"href":"https:\/\/wedigitek.com\/es\/wp-json\/wp\/v2\/pages"}],"about":[{"href":"https:\/\/wedigitek.com\/es\/wp-json\/wp\/v2\/types\/page"}],"author":[{"embeddable":true,"href":"https:\/\/wedigitek.com\/es\/wp-json\/wp\/v2\/users\/1"}],"replies":[{"embeddable":true,"href":"https:\/\/wedigitek.com\/es\/wp-json\/wp\/v2\/comments?post=5373"}],"version-history":[{"count":1,"href":"https:\/\/wedigitek.com\/es\/wp-json\/wp\/v2\/pages\/5373\/revisions"}],"predecessor-version":[{"id":5375,"href":"https:\/\/wedigitek.com\/es\/wp-json\/wp\/v2\/pages\/5373\/revisions\/5375"}],"wp:attachment":[{"href":"https:\/\/wedigitek.com\/es\/wp-json\/wp\/v2\/media?parent=5373"}],"curies":[{"name":"wp","href":"https:\/\/api.w.org\/{rel}","templated":true}]}}